{"id":39,"date":"2025-02-22T08:30:42","date_gmt":"2025-02-22T08:30:42","guid":{"rendered":"https:\/\/bcwines.dk\/home\/"},"modified":"2025-06-19T13:28:40","modified_gmt":"2025-06-19T13:28:40","slug":"home","status":"publish","type":"page","link":"https:\/\/bcwines.dk\/dk\/","title":{"rendered":"Hjemme"},"content":{"rendered":"<div class=\"wp-block-group alignfull has-background-background-color has-background has-global-padding is-layout-constrained wp-container-core-group-is-layout-b305d9eb wp-block-group-is-layout-constrained\" style=\"border-bottom-color:var(--wp--preset--color--background);border-bottom-width:1px;margin-top:0;margin-bottom:0;padding-top:var(--wp--preset--spacing--30);padding-right:var(--wp--preset--spacing--20);padding-bottom:var(--wp--preset--spacing--60);padding-left:var(--wp--preset--spacing--20)\">\n<div class=\"wp-block-columns alignwide is-layout-flex wp-container-core-columns-is-layout-87beb0d0 wp-block-columns-is-layout-flex\">\n<div class=\"wp-block-column is-vertically-aligned-stretch is-layout-flow wp-block-column-is-layout-flow\">\n<figure class=\"wp-block-image size-large is-resized has-custom-border\"><img loading=\"lazy\" decoding=\"async\" width=\"765\" height=\"1024\" src=\"https:\/\/bcwines.dk\/wp-content\/uploads\/2025\/04\/unva-765x1024.jpg\" alt=\"\" class=\"wp-image-208\" style=\"border-radius:1.5rem;width:515px;height:auto\" srcset=\"https:\/\/bcwines.dk\/wp-content\/uploads\/2025\/04\/unva-765x1024.jpg 765w, https:\/\/bcwines.dk\/wp-content\/uploads\/2025\/04\/unva-224x300.jpg 224w, https:\/\/bcwines.dk\/wp-content\/uploads\/2025\/04\/unva-768x1028.jpg 768w, https:\/\/bcwines.dk\/wp-content\/uploads\/2025\/04\/unva-1147x1536.jpg 1147w, https:\/\/bcwines.dk\/wp-content\/uploads\/2025\/04\/unva-1530x2048.jpg 1530w, https:\/\/bcwines.dk\/wp-content\/uploads\/2025\/04\/unva-1320x1767.jpg 1320w, https:\/\/bcwines.dk\/wp-content\/uploads\/2025\/04\/unva-600x803.jpg 600w, https:\/\/bcwines.dk\/wp-content\/uploads\/2025\/04\/unva-scaled.jpg 1912w\" sizes=\"auto, (max-width: 765px) 100vw, 765px\" \/><\/figure>\n\n\n\n<figure class=\"wp-block-image size-large is-resized has-custom-border\"><img loading=\"lazy\" decoding=\"async\" width=\"683\" height=\"1024\" src=\"https:\/\/bcwines.dk\/wp-content\/uploads\/2025\/02\/a564929cdbf864af228922874e34ce55d3e78f3f-683x1024.jpg\" alt=\"\" class=\"wp-image-152\" style=\"border-radius:1.5rem;width:516px;height:auto\" srcset=\"https:\/\/bcwines.dk\/wp-content\/uploads\/2025\/02\/a564929cdbf864af228922874e34ce55d3e78f3f-683x1024.jpg 683w, https:\/\/bcwines.dk\/wp-content\/uploads\/2025\/02\/a564929cdbf864af228922874e34ce55d3e78f3f-200x300.jpg 200w, https:\/\/bcwines.dk\/wp-content\/uploads\/2025\/02\/a564929cdbf864af228922874e34ce55d3e78f3f-768x1152.jpg 768w, https:\/\/bcwines.dk\/wp-content\/uploads\/2025\/02\/a564929cdbf864af228922874e34ce55d3e78f3f-600x900.jpg 600w, https:\/\/bcwines.dk\/wp-content\/uploads\/2025\/02\/a564929cdbf864af228922874e34ce55d3e78f3f.jpg 960w\" sizes=\"auto, (max-width: 683px) 100vw, 683px\" \/><\/figure>\n<\/div>\n\n\n\n<div class=\"wp-block-column is-vertically-aligned-center is-layout-flow wp-block-column-is-layout-flow\">\n<div class=\"wp-block-group alignfull has-tertiary-background-color has-background has-global-padding is-content-justification-center is-layout-constrained wp-container-core-group-is-layout-2d307409 wp-block-group-is-layout-constrained\" style=\"border-radius:1.5rem;padding-top:var(--wp--preset--spacing--60);padding-right:var(--wp--preset--spacing--40);padding-bottom:var(--wp--preset--spacing--60);padding-left:var(--wp--preset--spacing--40)\">\n<h1 class=\"wp-block-heading\">B&amp;C Wines: En smagspr\u00f8ve p\u00e5 Priorat i Danmark<\/h1>\n\n\n\n<p class=\"translation-block\">B&amp;C Wines blev f\u00f8dt af en dyb passion for god vin og et \u00f8nske om at bringe et stykke af vores hjemland til Danmark. Vores mission er at introducere vinelskere til essensen af \u200b\u200b<strong>Priorat<\/strong>, en lille, men ekstraordin\u00e6r region i <strong>Catalonien, Spanien.<\/strong> Priorat ligger i provinsen Tarragona og er hjemsted for kun 9.200 mennesker, hvoraf mange vier deres liv til landbrug og vinfremstilling. Dette omr\u00e5de har to prestigefyldte <strong>Oprindelsesbetegnelser <\/strong>:<\/p>\n\n\n\n<ul class=\"wp-block-list\">\n<li><strong>DO Monsant<\/strong><\/li>\n\n\n\n<li><strong>DOQ Priorat (Kvalificeret oprindelsesbetegnelse) <\/strong><\/li>\n<\/ul>\n\n\n\n<p class=\"translation-block\">Hos B&amp;C Wines laver vi mere end blot at udv\u00e6lge vine \u2013 vi <strong>kender<\/strong> menneskene bag hver flaske. Vi har en <strong>personlig forbindelse<\/strong> med vinmagerne; blandt dem er <strong>venner, familie og kolleger<\/strong>, der har arbejdet i vinmarkerne og p\u00e5 ving\u00e5rdene i generationer. Vi har set den dedikation og indsats, der ligger i hver h\u00f8st, hver t\u00f8nde og hver flaske, hvilket giver os dyb tillid til de vine, vi tilbyder.<br>Hver vin i vores udvalg er <strong>personligt smagt og udvalgt<\/strong>, hvilket sikrer, at den afspejler Priorats h\u00e5ndv\u00e6rk, passion og unikke terroir.<br>Uanset om du er en <strong>erfaren* vinkender eller lige er begyndt din rejse ind i vinens verden, finder du hos B&amp;C Wines <strong>en flaske til enhver smag og enhver lejlighed<\/strong>.<br>Opdag Priorats sj\u00e6l \u2013 et glas ad gangen.<\/p>\n\n\n\n<div class=\"wp-block-buttons is-content-justification-left is-layout-flex wp-container-core-buttons-is-layout-3535db69 wp-block-buttons-is-layout-flex\" style=\"margin-top:var(--wp--preset--spacing--30)\">\n<div class=\"wp-block-button is-style-outline is-style-outline--1\"><a class=\"wp-block-button__link wp-element-button\" href=\"https:\/\/bcwines.dk\/dk\/wine-gallery\/\">Se Vores Vine<\/a><\/div>\n<\/div>\n<\/div>\n<\/div>\n<\/div>\n<\/div>\n\n\n\n<div class=\"wp-block-group alignfull has-tertiary-background-color has-background has-global-padding is-layout-constrained wp-container-core-group-is-layout-7276a2bb wp-block-group-is-layout-constrained\" id=\"about\" style=\"margin-top:0;margin-bottom:0;padding-top:var(--wp--preset--spacing--60);padding-right:var(--wp--preset--spacing--30);padding-bottom:var(--wp--preset--spacing--60);padding-left:var(--wp--preset--spacing--30)\">\n<div class=\"wp-block-columns alignwide is-layout-flex wp-container-core-columns-is-layout-47c06fe3 wp-block-columns-is-layout-flex\">\n<div class=\"wp-block-column is-layout-flow wp-container-core-column-is-layout-119bc444 wp-block-column-is-layout-flow\" style=\"flex-basis:60%\">\n<h2 class=\"wp-block-heading\">M\u00f8d folkene bag B&amp;C-vinene<\/h2>\n\n\n\n<p class=\"has-medium-font-size\" style=\"margin-top:16px\">Fra vinmarkerne i El Priorat bringer vores team passion, tradition og h\u00e5ndv\u00e6rk til hver flaske. L\u00e6r de mennesker at kende, der g\u00f8r det hele muligt.<\/p>\n\n\n\n<div class=\"wp-block-buttons is-content-justification-left is-layout-flex wp-container-core-buttons-is-layout-fc4fd283 wp-block-buttons-is-layout-flex\">\n<div class=\"wp-block-button is-style-outline is-style-outline--2\"><a class=\"wp-block-button__link wp-element-button\" href=\"https:\/\/bcwines.dk\/dk\/sobre\/\">F\u00e5 mere at vide<\/a><\/div>\n<\/div>\n<\/div>\n\n\n\n<div class=\"wp-block-column is-vertically-aligned-top is-layout-flow wp-container-core-column-is-layout-f5bb311e wp-block-column-is-layout-flow\" style=\"flex-basis:50%\">\n<div class=\"wp-block-jetpack-slideshow aligncenter\" data-effect=\"slide\"><div class=\"wp-block-jetpack-slideshow_container swiper-container\"><ul class=\"wp-block-jetpack-slideshow_swiper-wrapper swiper-wrapper\"><li class=\"wp-block-jetpack-slideshow_slide swiper-slide\"><figure><img loading=\"lazy\" decoding=\"async\" width=\"1024\" height=\"768\" alt=\"\" class=\"wp-block-jetpack-slideshow_image wp-image-210\" data-id=\"210\" src=\"https:\/\/bcwines.dk\/wp-content\/uploads\/2025\/04\/WhatsApp-Image-2021-03-26-at-13.21.18-2-1024x768.jpeg\" srcset=\"https:\/\/bcwines.dk\/wp-content\/uploads\/2025\/04\/WhatsApp-Image-2021-03-26-at-13.21.18-2-1024x768.jpeg 1024w, https:\/\/bcwines.dk\/wp-content\/uploads\/2025\/04\/WhatsApp-Image-2021-03-26-at-13.21.18-2-300x225.jpeg 300w, https:\/\/bcwines.dk\/wp-content\/uploads\/2025\/04\/WhatsApp-Image-2021-03-26-at-13.21.18-2-768x576.jpeg 768w, https:\/\/bcwines.dk\/wp-content\/uploads\/2025\/04\/WhatsApp-Image-2021-03-26-at-13.21.18-2-1536x1152.jpeg 1536w, https:\/\/bcwines.dk\/wp-content\/uploads\/2025\/04\/WhatsApp-Image-2021-03-26-at-13.21.18-2-1320x990.jpeg 1320w, https:\/\/bcwines.dk\/wp-content\/uploads\/2025\/04\/WhatsApp-Image-2021-03-26-at-13.21.18-2-600x450.jpeg 600w, https:\/\/bcwines.dk\/wp-content\/uploads\/2025\/04\/WhatsApp-Image-2021-03-26-at-13.21.18-2.jpeg 2048w\" sizes=\"(max-width: 1024px) 100vw, 1024px\" \/><\/figure><\/li><li class=\"wp-block-jetpack-slideshow_slide swiper-slide\"><figure><img loading=\"lazy\" decoding=\"async\" width=\"1024\" height=\"768\" alt=\"\" class=\"wp-block-jetpack-slideshow_image wp-image-209\" data-id=\"209\" src=\"https:\/\/bcwines.dk\/wp-content\/uploads\/2025\/04\/WhatsApp-Image-2020-06-17-at-14.24.40-5.jpeg\" srcset=\"https:\/\/bcwines.dk\/wp-content\/uploads\/2025\/04\/WhatsApp-Image-2020-06-17-at-14.24.40-5.jpeg 1024w, https:\/\/bcwines.dk\/wp-content\/uploads\/2025\/04\/WhatsApp-Image-2020-06-17-at-14.24.40-5-300x225.jpeg 300w, https:\/\/bcwines.dk\/wp-content\/uploads\/2025\/04\/WhatsApp-Image-2020-06-17-at-14.24.40-5-768x576.jpeg 768w, https:\/\/bcwines.dk\/wp-content\/uploads\/2025\/04\/WhatsApp-Image-2020-06-17-at-14.24.40-5-600x450.jpeg 600w\" sizes=\"(max-width: 1024px) 100vw, 1024px\" \/><\/figure><\/li><li class=\"wp-block-jetpack-slideshow_slide swiper-slide\"><figure><img loading=\"lazy\" decoding=\"async\" width=\"765\" height=\"1024\" alt=\"\" class=\"wp-block-jetpack-slideshow_image wp-image-208\" data-id=\"208\" src=\"https:\/\/bcwines.dk\/wp-content\/uploads\/2025\/04\/unva-765x1024.jpg\" srcset=\"https:\/\/bcwines.dk\/wp-content\/uploads\/2025\/04\/unva-765x1024.jpg 765w, https:\/\/bcwines.dk\/wp-content\/uploads\/2025\/04\/unva-224x300.jpg 224w, https:\/\/bcwines.dk\/wp-content\/uploads\/2025\/04\/unva-768x1028.jpg 768w, https:\/\/bcwines.dk\/wp-content\/uploads\/2025\/04\/unva-1147x1536.jpg 1147w, https:\/\/bcwines.dk\/wp-content\/uploads\/2025\/04\/unva-1530x2048.jpg 1530w, https:\/\/bcwines.dk\/wp-content\/uploads\/2025\/04\/unva-1320x1767.jpg 1320w, https:\/\/bcwines.dk\/wp-content\/uploads\/2025\/04\/unva-600x803.jpg 600w, https:\/\/bcwines.dk\/wp-content\/uploads\/2025\/04\/unva-scaled.jpg 1912w\" sizes=\"(max-width: 765px) 100vw, 765px\" \/><\/figure><\/li><li class=\"wp-block-jetpack-slideshow_slide swiper-slide\"><figure><img loading=\"lazy\" decoding=\"async\" width=\"1024\" height=\"768\" alt=\"\" class=\"wp-block-jetpack-slideshow_image wp-image-207\" data-id=\"207\" src=\"https:\/\/bcwines.dk\/wp-content\/uploads\/2025\/04\/IMG20211125095150-1024x768.jpg\" srcset=\"https:\/\/bcwines.dk\/wp-content\/uploads\/2025\/04\/IMG20211125095150-1024x768.jpg 1024w, https:\/\/bcwines.dk\/wp-content\/uploads\/2025\/04\/IMG20211125095150-300x225.jpg 300w, https:\/\/bcwines.dk\/wp-content\/uploads\/2025\/04\/IMG20211125095150-768x576.jpg 768w, https:\/\/bcwines.dk\/wp-content\/uploads\/2025\/04\/IMG20211125095150-1536x1152.jpg 1536w, https:\/\/bcwines.dk\/wp-content\/uploads\/2025\/04\/IMG20211125095150-2048x1536.jpg 2048w, https:\/\/bcwines.dk\/wp-content\/uploads\/2025\/04\/IMG20211125095150-1320x990.jpg 1320w, https:\/\/bcwines.dk\/wp-content\/uploads\/2025\/04\/IMG20211125095150-600x450.jpg 600w\" sizes=\"(max-width: 1024px) 100vw, 1024px\" \/><\/figure><\/li><li class=\"wp-block-jetpack-slideshow_slide swiper-slide\"><figure><img loading=\"lazy\" decoding=\"async\" width=\"1024\" height=\"768\" alt=\"\" class=\"wp-block-jetpack-slideshow_image wp-image-206\" data-id=\"206\" src=\"https:\/\/bcwines.dk\/wp-content\/uploads\/2025\/04\/IMG20211125095123-1024x768.jpg\" srcset=\"https:\/\/bcwines.dk\/wp-content\/uploads\/2025\/04\/IMG20211125095123-1024x768.jpg 1024w, https:\/\/bcwines.dk\/wp-content\/uploads\/2025\/04\/IMG20211125095123-300x225.jpg 300w, https:\/\/bcwines.dk\/wp-content\/uploads\/2025\/04\/IMG20211125095123-768x576.jpg 768w, https:\/\/bcwines.dk\/wp-content\/uploads\/2025\/04\/IMG20211125095123-1536x1152.jpg 1536w, https:\/\/bcwines.dk\/wp-content\/uploads\/2025\/04\/IMG20211125095123-2048x1536.jpg 2048w, https:\/\/bcwines.dk\/wp-content\/uploads\/2025\/04\/IMG20211125095123-1320x990.jpg 1320w, https:\/\/bcwines.dk\/wp-content\/uploads\/2025\/04\/IMG20211125095123-600x450.jpg 600w\" sizes=\"(max-width: 1024px) 100vw, 1024px\" \/><\/figure><\/li><li class=\"wp-block-jetpack-slideshow_slide swiper-slide\"><figure><img loading=\"lazy\" decoding=\"async\" width=\"768\" height=\"1024\" alt=\"\" class=\"wp-block-jetpack-slideshow_image wp-image-204\" data-id=\"204\" src=\"https:\/\/bcwines.dk\/wp-content\/uploads\/2025\/04\/IMG20211125095102-768x1024.jpg\" srcset=\"https:\/\/bcwines.dk\/wp-content\/uploads\/2025\/04\/IMG20211125095102-768x1024.jpg 768w, https:\/\/bcwines.dk\/wp-content\/uploads\/2025\/04\/IMG20211125095102-225x300.jpg 225w, https:\/\/bcwines.dk\/wp-content\/uploads\/2025\/04\/IMG20211125095102-1152x1536.jpg 1152w, https:\/\/bcwines.dk\/wp-content\/uploads\/2025\/04\/IMG20211125095102-1536x2048.jpg 1536w, https:\/\/bcwines.dk\/wp-content\/uploads\/2025\/04\/IMG20211125095102-1320x1760.jpg 1320w, https:\/\/bcwines.dk\/wp-content\/uploads\/2025\/04\/IMG20211125095102-600x800.jpg 600w, https:\/\/bcwines.dk\/wp-content\/uploads\/2025\/04\/IMG20211125095102-scaled.jpg 1920w\" sizes=\"(max-width: 768px) 100vw, 768px\" \/><\/figure><\/li><li class=\"wp-block-jetpack-slideshow_slide swiper-slide\"><figure><img loading=\"lazy\" decoding=\"async\" width=\"577\" height=\"1024\" alt=\"\" class=\"wp-block-jetpack-slideshow_image wp-image-203\" data-id=\"203\" src=\"https:\/\/bcwines.dk\/wp-content\/uploads\/2025\/04\/Fotos-Barriles-577x1024.jpg\" srcset=\"https:\/\/bcwines.dk\/wp-content\/uploads\/2025\/04\/Fotos-Barriles-577x1024.jpg 577w, https:\/\/bcwines.dk\/wp-content\/uploads\/2025\/04\/Fotos-Barriles-169x300.jpg 169w, https:\/\/bcwines.dk\/wp-content\/uploads\/2025\/04\/Fotos-Barriles-768x1364.jpg 768w, https:\/\/bcwines.dk\/wp-content\/uploads\/2025\/04\/Fotos-Barriles-865x1536.jpg 865w, https:\/\/bcwines.dk\/wp-content\/uploads\/2025\/04\/Fotos-Barriles-600x1066.jpg 600w, https:\/\/bcwines.dk\/wp-content\/uploads\/2025\/04\/Fotos-Barriles.jpg 1153w\" sizes=\"(max-width: 577px) 100vw, 577px\" \/><\/figure><\/li><li class=\"wp-block-jetpack-slideshow_slide swiper-slide\"><figure><img loading=\"lazy\" decoding=\"async\" width=\"722\" height=\"1024\" alt=\"\" class=\"wp-block-jetpack-slideshow_image wp-image-202\" data-id=\"202\" src=\"https:\/\/bcwines.dk\/wp-content\/uploads\/2025\/04\/DSC_0306-722x1024.jpg\" srcset=\"https:\/\/bcwines.dk\/wp-content\/uploads\/2025\/04\/DSC_0306-722x1024.jpg 722w, https:\/\/bcwines.dk\/wp-content\/uploads\/2025\/04\/DSC_0306-212x300.jpg 212w, https:\/\/bcwines.dk\/wp-content\/uploads\/2025\/04\/DSC_0306-768x1089.jpg 768w, https:\/\/bcwines.dk\/wp-content\/uploads\/2025\/04\/DSC_0306-1083x1536.jpg 1083w, https:\/\/bcwines.dk\/wp-content\/uploads\/2025\/04\/DSC_0306-1444x2048.jpg 1444w, https:\/\/bcwines.dk\/wp-content\/uploads\/2025\/04\/DSC_0306-1320x1872.jpg 1320w, https:\/\/bcwines.dk\/wp-content\/uploads\/2025\/04\/DSC_0306-600x851.jpg 600w, https:\/\/bcwines.dk\/wp-content\/uploads\/2025\/04\/DSC_0306-scaled.jpg 1805w\" sizes=\"(max-width: 722px) 100vw, 722px\" \/><\/figure><\/li><li class=\"wp-block-jetpack-slideshow_slide swiper-slide\"><figure><img loading=\"lazy\" decoding=\"async\" width=\"577\" height=\"1024\" alt=\"\" class=\"wp-block-jetpack-slideshow_image wp-image-201\" data-id=\"201\" src=\"https:\/\/bcwines.dk\/wp-content\/uploads\/2025\/04\/botes-577x1024.jpg\" srcset=\"https:\/\/bcwines.dk\/wp-content\/uploads\/2025\/04\/botes-577x1024.jpg 577w, https:\/\/bcwines.dk\/wp-content\/uploads\/2025\/04\/botes-169x300.jpg 169w, https:\/\/bcwines.dk\/wp-content\/uploads\/2025\/04\/botes-768x1364.jpg 768w, https:\/\/bcwines.dk\/wp-content\/uploads\/2025\/04\/botes-865x1536.jpg 865w, https:\/\/bcwines.dk\/wp-content\/uploads\/2025\/04\/botes-600x1066.jpg 600w, https:\/\/bcwines.dk\/wp-content\/uploads\/2025\/04\/botes.jpg 1153w\" sizes=\"(max-width: 577px) 100vw, 577px\" \/><\/figure><\/li><li class=\"wp-block-jetpack-slideshow_slide swiper-slide\"><figure><img loading=\"lazy\" decoding=\"async\" width=\"768\" height=\"1024\" alt=\"\" class=\"wp-block-jetpack-slideshow_image wp-image-200\" data-id=\"200\" src=\"https:\/\/bcwines.dk\/wp-content\/uploads\/2025\/04\/20200509_115107-768x1024.jpg\" srcset=\"https:\/\/bcwines.dk\/wp-content\/uploads\/2025\/04\/20200509_115107-768x1024.jpg 768w, https:\/\/bcwines.dk\/wp-content\/uploads\/2025\/04\/20200509_115107-225x300.jpg 225w, https:\/\/bcwines.dk\/wp-content\/uploads\/2025\/04\/20200509_115107-1152x1536.jpg 1152w, https:\/\/bcwines.dk\/wp-content\/uploads\/2025\/04\/20200509_115107-1536x2048.jpg 1536w, https:\/\/bcwines.dk\/wp-content\/uploads\/2025\/04\/20200509_115107-1320x1760.jpg 1320w, https:\/\/bcwines.dk\/wp-content\/uploads\/2025\/04\/20200509_115107-600x800.jpg 600w, https:\/\/bcwines.dk\/wp-content\/uploads\/2025\/04\/20200509_115107-scaled.jpg 1920w\" sizes=\"(max-width: 768px) 100vw, 768px\" \/><\/figure><\/li><li class=\"wp-block-jetpack-slideshow_slide swiper-slide\"><figure><img loading=\"lazy\" decoding=\"async\" width=\"765\" height=\"1024\" alt=\"\" class=\"wp-block-jetpack-slideshow_image wp-image-199\" data-id=\"199\" src=\"https:\/\/bcwines.dk\/wp-content\/uploads\/2025\/04\/2012-3-i-2013-916-765x1024.jpg\" srcset=\"https:\/\/bcwines.dk\/wp-content\/uploads\/2025\/04\/2012-3-i-2013-916-765x1024.jpg 765w, https:\/\/bcwines.dk\/wp-content\/uploads\/2025\/04\/2012-3-i-2013-916-224x300.jpg 224w, https:\/\/bcwines.dk\/wp-content\/uploads\/2025\/04\/2012-3-i-2013-916-768x1028.jpg 768w, https:\/\/bcwines.dk\/wp-content\/uploads\/2025\/04\/2012-3-i-2013-916-1147x1536.jpg 1147w, https:\/\/bcwines.dk\/wp-content\/uploads\/2025\/04\/2012-3-i-2013-916-1530x2048.jpg 1530w, https:\/\/bcwines.dk\/wp-content\/uploads\/2025\/04\/2012-3-i-2013-916-1320x1767.jpg 1320w, https:\/\/bcwines.dk\/wp-content\/uploads\/2025\/04\/2012-3-i-2013-916-600x803.jpg 600w, https:\/\/bcwines.dk\/wp-content\/uploads\/2025\/04\/2012-3-i-2013-916-scaled.jpg 1912w\" sizes=\"(max-width: 765px) 100vw, 765px\" \/><\/figure><\/li><li class=\"wp-block-jetpack-slideshow_slide swiper-slide\"><figure><img loading=\"lazy\" decoding=\"async\" width=\"1024\" height=\"641\" alt=\"\" class=\"wp-block-jetpack-slideshow_image wp-image-173\" data-id=\"173\" src=\"https:\/\/bcwines.dk\/wp-content\/uploads\/2025\/02\/IMG_6055-copia-1024x641.jpg\" srcset=\"https:\/\/bcwines.dk\/wp-content\/uploads\/2025\/02\/IMG_6055-copia-1024x641.jpg 1024w, https:\/\/bcwines.dk\/wp-content\/uploads\/2025\/02\/IMG_6055-copia-300x188.jpg 300w, https:\/\/bcwines.dk\/wp-content\/uploads\/2025\/02\/IMG_6055-copia-768x481.jpg 768w, https:\/\/bcwines.dk\/wp-content\/uploads\/2025\/02\/IMG_6055-copia-600x376.jpg 600w, https:\/\/bcwines.dk\/wp-content\/uploads\/2025\/02\/IMG_6055-copia.jpg 1316w\" sizes=\"(max-width: 1024px) 100vw, 1024px\" \/><\/figure><\/li><\/ul><a class=\"wp-block-jetpack-slideshow_button-prev swiper-button-prev swiper-button-white\" role=\"button\"><\/a><a class=\"wp-block-jetpack-slideshow_button-next swiper-button-next swiper-button-white\" role=\"button\"><\/a><a aria-label=\"S\u00e6t diasshow p\u00e5 pause\" class=\"wp-block-jetpack-slideshow_button-pause\" role=\"button\"><\/a><div class=\"wp-block-jetpack-slideshow_pagination swiper-pagination swiper-pagination-white\"><\/div><\/div><\/div>\n<\/div>\n<\/div>\n<\/div>\n\n\n\n<div class=\"wp-block-group alignfull has-tertiary-background-color has-background has-global-padding is-layout-constrained wp-block-group-is-layout-constrained\" style=\"margin-top:0;margin-bottom:0;padding-top:var(--wp--preset--spacing--60);padding-bottom:var(--wp--preset--spacing--60)\">\n<div class=\"wp-block-cover alignwide\" style=\"border-radius:1.5rem;padding-top:var(--wp--preset--spacing--60);padding-right:var(--wp--preset--spacing--30);padding-bottom:var(--wp--preset--spacing--60);padding-left:var(--wp--preset--spacing--30);min-height:30vh;aspect-ratio:unset;\"><img loading=\"lazy\" decoding=\"async\" width=\"960\" height=\"1440\" class=\"wp-block-cover__image-background wp-image-162\" alt=\"\" src=\"https:\/\/bcwines.dk\/wp-content\/uploads\/2025\/02\/d3cd081f4dfa5e3b9131534cedcd5d0a889fb26f.jpg\" data-object-fit=\"cover\" srcset=\"https:\/\/bcwines.dk\/wp-content\/uploads\/2025\/02\/d3cd081f4dfa5e3b9131534cedcd5d0a889fb26f.jpg 960w, https:\/\/bcwines.dk\/wp-content\/uploads\/2025\/02\/d3cd081f4dfa5e3b9131534cedcd5d0a889fb26f-200x300.jpg 200w, https:\/\/bcwines.dk\/wp-content\/uploads\/2025\/02\/d3cd081f4dfa5e3b9131534cedcd5d0a889fb26f-683x1024.jpg 683w, https:\/\/bcwines.dk\/wp-content\/uploads\/2025\/02\/d3cd081f4dfa5e3b9131534cedcd5d0a889fb26f-768x1152.jpg 768w, https:\/\/bcwines.dk\/wp-content\/uploads\/2025\/02\/d3cd081f4dfa5e3b9131534cedcd5d0a889fb26f-600x900.jpg 600w\" sizes=\"auto, (max-width: 960px) 100vw, 960px\" \/><span aria-hidden=\"true\" class=\"wp-block-cover__background has-black-background-color has-background-dim-60 has-background-dim\"><\/span><div class=\"wp-block-cover__inner-container is-layout-flow wp-block-cover-is-layout-flow\">\n<div class=\"wp-block-group has-global-padding is-layout-constrained wp-block-group-is-layout-constrained\">\n<h2 class=\"wp-block-heading has-text-align-center has-white-color has-text-color\" style=\"margin-top:12px\">Udforsk Priorat-vinenes verden<\/h2>\n\n\n\n<p class=\"has-text-align-center has-white-color has-text-color has-medium-font-size\" style=\"margin-top:16px\">Uanset om du er en mange\u00e5rig vinelsker eller lige er begyndt at opdage dens charme, tilbyder B&amp;C Wines noget for enhver smag og ethvert \u00f8jeblik. Find din perfekte flaske i vores omhyggeligt kuraterede udvalg.<\/p>\n\n\n\n<div class=\"wp-block-buttons is-content-justification-center is-layout-flex wp-container-core-buttons-is-layout-d8c0be80 wp-block-buttons-is-layout-flex\" style=\"margin-top:var(--wp--preset--spacing--40)\">\n<div class=\"wp-block-button\"><a class=\"wp-block-button__link wp-element-button\" href=\"https:\/\/bcwines.dk\/dk\/wine-gallery\/\">Se Vores Vine<\/a><\/div>\n<\/div>\n<\/div>\n<\/div><\/div>\n<\/div>","protected":false},"excerpt":{"rendered":"<p>B&amp;C Wines: A Taste of Priorat in Denmark B&amp;C Wines was born from a deep passion for fine wine and a desire to bring a piece of our homeland to Denmark. Our mission is to introduce wine lovers to the essence of Priorat, a small yet extraordinary region in Catalonia, Spain.Nestled in the province of [&hellip;]<\/p>\n","protected":false},"author":1,"featured_media":0,"parent":0,"menu_order":0,"comment_status":"closed","ping_status":"closed","template":"no-title","meta":{"footnotes":""},"class_list":["post-39","page","type-page","status-publish","hentry"],"jetpack_sharing_enabled":true,"_links":{"self":[{"href":"https:\/\/bcwines.dk\/dk\/wp-json\/wp\/v2\/pages\/39","targetHints":{"allow":["GET"]}}],"collection":[{"href":"https:\/\/bcwines.dk\/dk\/wp-json\/wp\/v2\/pages"}],"about":[{"href":"https:\/\/bcwines.dk\/dk\/wp-json\/wp\/v2\/types\/page"}],"author":[{"embeddable":true,"href":"https:\/\/bcwines.dk\/dk\/wp-json\/wp\/v2\/users\/1"}],"replies":[{"embeddable":true,"href":"https:\/\/bcwines.dk\/dk\/wp-json\/wp\/v2\/comments?post=39"}],"version-history":[{"count":12,"href":"https:\/\/bcwines.dk\/dk\/wp-json\/wp\/v2\/pages\/39\/revisions"}],"predecessor-version":[{"id":325,"href":"https:\/\/bcwines.dk\/dk\/wp-json\/wp\/v2\/pages\/39\/revisions\/325"}],"wp:attachment":[{"href":"https:\/\/bcwines.dk\/dk\/wp-json\/wp\/v2\/media?parent=39"}],"curies":[{"name":"wp","href":"https:\/\/api.w.org\/{rel}","templated":true}]}}