{"id":364,"date":"2025-06-19T16:16:20","date_gmt":"2025-06-19T16:16:20","guid":{"rendered":"https:\/\/bcwines.dk\/?page_id=364"},"modified":"2025-06-19T16:16:20","modified_gmt":"2025-06-19T16:16:20","slug":"la-carrerada","status":"publish","type":"page","link":"https:\/\/bcwines.dk\/dk\/la-carrerada\/","title":{"rendered":"La Carrerada"},"content":{"rendered":"<div class=\"wp-block-columns alignwide is-layout-flex wp-container-core-columns-is-layout-28f84493 wp-block-columns-is-layout-flex\">\n<div class=\"wp-block-column is-layout-flow wp-block-column-is-layout-flow\" style=\"flex-basis:33.33%\">\n<figure class=\"wp-block-image size-large\"><img loading=\"lazy\" decoding=\"async\" width=\"290\" height=\"1024\" src=\"https:\/\/bcwines.dk\/wp-content\/uploads\/2025\/04\/la-carrerada-baixa-sense-fons-1700671264067-290x1024.png\" alt=\"\" class=\"wp-image-193\" srcset=\"https:\/\/bcwines.dk\/wp-content\/uploads\/2025\/04\/la-carrerada-baixa-sense-fons-1700671264067-290x1024.png 290w, https:\/\/bcwines.dk\/wp-content\/uploads\/2025\/04\/la-carrerada-baixa-sense-fons-1700671264067-85x300.png 85w, https:\/\/bcwines.dk\/wp-content\/uploads\/2025\/04\/la-carrerada-baixa-sense-fons-1700671264067-435x1536.png 435w, https:\/\/bcwines.dk\/wp-content\/uploads\/2025\/04\/la-carrerada-baixa-sense-fons-1700671264067.png 480w\" sizes=\"auto, (max-width: 290px) 100vw, 290px\" \/><\/figure>\n<\/div>\n\n\n\n<div class=\"wp-block-column is-layout-flow wp-block-column-is-layout-flow\" style=\"flex-basis:66.66%\">\n<div class=\"wp-block-group has-primary-background-color has-background has-global-padding is-content-justification-center is-layout-constrained wp-container-core-group-is-layout-2d289120 wp-block-group-is-layout-constrained\" style=\"border-radius:22px;padding-top:var(--wp--preset--spacing--40);padding-right:var(--wp--preset--spacing--20);padding-bottom:var(--wp--preset--spacing--40);padding-left:var(--wp--preset--spacing--20)\">\n<div class=\"wp-block-group has-global-padding is-layout-constrained wp-block-group-is-layout-constrained\"><h2 class=\"has-link-color wp-elements-c64e4f8a1c87c51d0209802eab357844 wp-block-post-title has-text-color has-background-color\">La Carrerada<\/h2>\n\n\n<h6 class=\"wp-block-heading\">&#8211; black fruit, red fruit, oaky &#8211;<\/h6>\n\n\n\n<div class=\"wp-block-group is-nowrap is-layout-flex wp-container-core-group-is-layout-6a90dc5c wp-block-group-is-layout-flex\">\n<div class=\"wp-block-group wp-container-content-958eb9dc has-global-padding is-content-justification-left is-layout-constrained wp-container-core-group-is-layout-12dd3699 wp-block-group-is-layout-constrained\">\n<h4 class=\"wp-block-heading\" style=\"font-size:clamp(14px, 0.875rem + ((1vw - 3.2px) * 0.625), 20px);line-height:1.5\">Sorter<\/h4>\n\n\n\n<p class=\"has-small-font-size\" style=\"margin-top:4px\">100% Carignan (Sams\u00f3).<\/p>\n\n\n\n<div class=\"wp-block-group is-nowrap is-layout-flex wp-container-core-group-is-layout-6a90dc5c wp-block-group-is-layout-flex\">\n<div class=\"wp-block-group wp-container-content-958eb9dc has-global-padding is-layout-constrained wp-block-group-is-layout-constrained\">\n<h4 class=\"wp-block-heading\" style=\"font-size:clamp(14px, 0.875rem + ((1vw - 3.2px) * 0.625), 20px);line-height:1.5\">Soils\nJord<\/h4>\n\n\n\n<p class=\"has-small-font-size\" style=\"margin-top:4px\">Limestone.<\/p>\n<\/div>\n<\/div>\n\n\n\n<div class=\"wp-block-group is-nowrap is-layout-flex wp-container-core-group-is-layout-6a90dc5c wp-block-group-is-layout-flex\">\n<div class=\"wp-block-group wp-container-content-958eb9dc has-global-padding is-layout-constrained wp-block-group-is-layout-constrained\">\n<h4 class=\"wp-block-heading\" style=\"font-size:clamp(14px, 0.875rem + ((1vw - 3.2px) * 0.625), 20px);line-height:1.5\"><strong>H\u00f8jde<\/strong><\/h4>\n\n\n\n<p class=\"has-small-font-size\" style=\"margin-top:4px\">From 110 to 118 meters.<\/p>\n<\/div>\n<\/div>\n\n\n\n<div class=\"wp-block-group is-nowrap is-layout-flex wp-container-core-group-is-layout-6a90dc5c wp-block-group-is-layout-flex\">\n<div class=\"wp-block-group wp-container-content-958eb9dc has-global-padding is-layout-constrained wp-block-group-is-layout-constrained\">\n<h4 class=\"wp-block-heading\" style=\"font-size:clamp(14px, 0.875rem + ((1vw - 3.2px) * 0.625), 20px);line-height:1.5\"><strong>Plantnings\u00e5r<\/strong><\/h4>\n\n\n\n<p class=\"has-small-font-size\" style=\"margin-top:4px\">1936.<\/p>\n<\/div>\n<\/div>\n\n\n\n<div class=\"wp-block-group is-nowrap is-layout-flex wp-container-core-group-is-layout-6a90dc5c wp-block-group-is-layout-flex\">\n<div class=\"wp-block-group wp-container-content-958eb9dc has-global-padding is-layout-constrained wp-block-group-is-layout-constrained\">\n<h4 class=\"wp-block-heading\" style=\"font-size:clamp(14px, 0.875rem + ((1vw - 3.2px) * 0.625), 20px);line-height:1.5\">Uddybning<\/h4>\n\n\n\n<p class=\"has-small-font-size\" style=\"margin-top:4px\">Fermentation, with native yeast present on the<br>estate, in 500 l. barrels. 28 days of maceration.<br>After pressing, the wine goes in old barrels for<br>malolactic fermentation and ageing.<\/p>\n<\/div>\n<\/div>\n\n\n\n<div class=\"wp-block-group is-nowrap is-layout-flex wp-container-core-group-is-layout-6a90dc5c wp-block-group-is-layout-flex\">\n<div class=\"wp-block-group wp-container-content-958eb9dc has-global-padding is-layout-constrained wp-block-group-is-layout-constrained\">\n<h4 class=\"wp-block-heading\" style=\"font-size:clamp(14px, 0.875rem + ((1vw - 3.2px) * 0.625), 20px);line-height:1.5\">aldring<\/h4>\n\n\n\n<p class=\"has-small-font-size\" style=\"margin-top:4px\">12 months in barrels of 225 l. and between 5 and 12<br>years old.<\/p>\n<\/div>\n<\/div>\n<\/div>\n<\/div>\n\n\n\n<h4 class=\"wp-block-heading\">Pr\u00e6mier<\/h4>\n\n\n\n<div class=\"wp-block-columns is-layout-flex wp-container-core-columns-is-layout-28f84493 wp-block-columns-is-layout-flex\">\n<div class=\"wp-block-column is-layout-flow wp-block-column-is-layout-flow\">\n<details class=\"wp-block-details has-background-color has-text-color has-link-color wp-elements-49d91b486499caf8b13d77ee23faa167 is-layout-flow wp-block-details-is-layout-flow\"><summary>2020<\/summary>\n<ul class=\"wp-block-list\">\n<li>The Wine Advocate: 94.<\/li>\n<\/ul>\n<\/details>\n<\/div>\n\n\n\n<div class=\"wp-block-column is-layout-flow wp-block-column-is-layout-flow\">\n<details class=\"wp-block-details has-background-color has-text-color has-link-color wp-elements-e2c546c5b17bc17d8fcb52ab17133c47 is-layout-flow wp-block-details-is-layout-flow\"><summary>2019<\/summary>\n<ul class=\"wp-block-list\">\n<li>The Wine Advocate: 92.<\/li>\n\n\n\n<li>Guia de Vins de Catalunya: 9,85.<\/li>\n<\/ul>\n<\/details>\n<\/div>\n<\/div>\n\n\n\n<div class=\"wp-block-columns is-layout-flex wp-container-core-columns-is-layout-28f84493 wp-block-columns-is-layout-flex\">\n<div class=\"wp-block-column is-layout-flow wp-block-column-is-layout-flow\">\n<details class=\"wp-block-details has-background-color has-text-color has-link-color wp-elements-94f7a1d41bcfdf72fbf51b6739feb172 is-layout-flow wp-block-details-is-layout-flow\"><summary>2018<\/summary>\n<ul class=\"wp-block-list\">\n<li>The Wine Advocate: 94+.<\/li>\n\n\n\n<li>Guia de Vins de Catalunya: 9,61.<\/li>\n\n\n\n<li>Gu\u00eda Pe\u00f1in: 93.<\/li>\n<\/ul>\n<\/details>\n<\/div>\n\n\n\n<div class=\"wp-block-column is-layout-flow wp-block-column-is-layout-flow\">\n<details class=\"wp-block-details has-background-color has-text-color has-link-color wp-elements-ab64bf8fb9d5f0ebddff1fc7bd899e82 is-layout-flow wp-block-details-is-layout-flow\"><summary>2016<\/summary>\n<ul class=\"wp-block-list\">\n<li>Gu\u00eda Pe\u00f1\u00edn de los Vinos de Espa\u00f1a: 93.<\/li>\n\n\n\n<li>Guia de Vins de Catalunya: 9,74.<\/li>\n<\/ul>\n<\/details>\n<\/div>\n<\/div>\n\n\n\n<div class=\"wp-block-columns is-layout-flex wp-container-core-columns-is-layout-28f84493 wp-block-columns-is-layout-flex\">\n<div class=\"wp-block-column is-layout-flow wp-block-column-is-layout-flow\">\n<details class=\"wp-block-details has-background-color has-text-color has-link-color wp-elements-2e5185a3ad2a92f0f032a776eb5d1b6a is-layout-flow wp-block-details-is-layout-flow\"><summary>2015<\/summary>\n<ul class=\"wp-block-list\">\n<li>Gu\u00eda Pe\u00f1\u00edn de los Vinos de Espa\u00f1a: 93.<\/li>\n<\/ul>\n<\/details>\n<\/div>\n\n\n\n<div class=\"wp-block-column is-layout-flow wp-block-column-is-layout-flow\">\n<details class=\"wp-block-details has-background-color has-text-color has-link-color wp-elements-573616ef4618a2fc0a6cbc3b433bc814 is-layout-flow wp-block-details-is-layout-flow\"><summary>2014<\/summary>\n<ul class=\"wp-block-list\">\n<li>Gu\u00eda de Vins de Catalunya: 9,51.<\/li>\n\n\n\n<li>Guia de Vins de Catalunya: 9,62.<\/li>\n\n\n\n<li>Gu\u00eda de Vins de Catalunya: 9,56.<\/li>\n\n\n\n<li>Gu\u00eda Pe\u00f1\u00edn de los Vinos de Espa\u00f1a: 93.<\/li>\n\n\n\n<li>Gu\u00eda Pe\u00f1\u00edn de los Vinos de Espa\u00f1a: 93.<\/li>\n\n\n\n<li>The Wine Advocate: 94.<\/li>\n<\/ul>\n<\/details>\n<\/div>\n<\/div>\n\n\n\n<div class=\"wp-block-columns is-layout-flex wp-container-core-columns-is-layout-28f84493 wp-block-columns-is-layout-flex\">\n<div class=\"wp-block-column is-layout-flow wp-block-column-is-layout-flow\">\n<details class=\"wp-block-details has-background-color has-text-color has-link-color wp-elements-4680005a446fe9e890d6fbf07997c104 is-layout-flow wp-block-details-is-layout-flow\"><summary>2013<\/summary>\n<ul class=\"wp-block-list\">\n<li>Guia de Vins de Catalunya: 9,67.<\/li>\n\n\n\n<li>Gu\u00eda Pe\u00f1\u00edn de los Vinos de Espa\u00f1a: 92.<\/li>\n\n\n\n<li>Gilbert &amp; Gaillard: 90+.<\/li>\n<\/ul>\n<\/details>\n<\/div>\n\n\n\n<div class=\"wp-block-column is-layout-flow wp-block-column-is-layout-flow\">\n<details class=\"wp-block-details has-background-color has-text-color has-link-color wp-elements-d0decf6c1af262b7c3be508efa2e71fc is-layout-flow wp-block-details-is-layout-flow\"><summary>2012<\/summary>\n<ul class=\"wp-block-list\">\n<li>Guia de Vins de Catalunya: 9,42.<\/li>\n\n\n\n<li>Gu\u00eda Pe\u00f1\u00edn de los Vinos de Espa\u00f1a: 93.<\/li>\n\n\n\n<li>Gu\u00eda Pe\u00f1\u00edn de los Vinos de Espa\u00f1a: 94.<\/li>\n\n\n\n<li>The Wine Advocate: 94.<\/li>\n<\/ul>\n<\/details>\n<\/div>\n<\/div>\n\n\n\n<div class=\"wp-block-columns is-layout-flex wp-container-core-columns-is-layout-28f84493 wp-block-columns-is-layout-flex\">\n<div class=\"wp-block-column is-layout-flow wp-block-column-is-layout-flow\">\n<details class=\"wp-block-details has-background-color has-text-color has-link-color wp-elements-d6561f09cc434e2e7000b70ad89884a9 is-layout-flow wp-block-details-is-layout-flow\"><summary>2011<\/summary>\n<ul class=\"wp-block-list\">\n<li>Guia de Vins de Catalunya: 9,66.<\/li>\n\n\n\n<li>Gu\u00eda Pe\u00f1\u00edn de los Vinos de Espa\u00f1a: 95.<\/li>\n<\/ul>\n<\/details>\n<\/div>\n\n\n\n<div class=\"wp-block-column is-layout-flow wp-block-column-is-layout-flow\">\n<details class=\"wp-block-details has-background-color has-text-color has-link-color wp-elements-cc5e36bdd35d2a695c562f0df0a058c1 is-layout-flow wp-block-details-is-layout-flow\"><summary>2010<\/summary>\n<ul class=\"wp-block-list\">\n<li>Guia de Vins de Catalunya: 9,39.<\/li>\n\n\n\n<li>Gu\u00eda Pe\u00f1\u00edn de los Vinos de Espa\u00f1a: 93.<\/li>\n\n\n\n<li>The Wine Advocate: 94.<\/li>\n<\/ul>\n<\/details>\n<\/div>\n<\/div>\n\n\n\n<div class=\"wp-block-columns is-layout-flex wp-container-core-columns-is-layout-28f84493 wp-block-columns-is-layout-flex\">\n<div class=\"wp-block-column is-layout-flow wp-block-column-is-layout-flow\">\n<details class=\"wp-block-details has-background-color has-text-color has-link-color wp-elements-ace4278db2d7e9844e40967f21b65647 is-layout-flow wp-block-details-is-layout-flow\"><summary>2009<\/summary>\n<ul class=\"wp-block-list\">\n<li>Guia de Vins de Catalunya: 9,67.<\/li>\n\n\n\n<li>Gu\u00eda Pe\u00f1\u00edn de los Vinos de Espa\u00f1a: 93.<\/li>\n\n\n\n<li>The Wine Advocate: 93.<\/li>\n<\/ul>\n<\/details>\n<\/div>\n\n\n\n<div class=\"wp-block-column is-layout-flow wp-block-column-is-layout-flow\"><\/div>\n<\/div>\n<\/div>\n<\/div>\n<\/div>\n<\/div>","protected":false},"excerpt":{"rendered":"<p>&#8211; black fruit, red fruit, oaky &#8211; Varieties 100% Carignan (Sams\u00f3). Soils Limestone. Altitude From 110 to 118 meters. Year of planting 1936. Elaboration Fermentation, with native yeast present on theestate, in 500 l. barrels. 28 days of maceration.After pressing, the wine goes in old barrels formalolactic fermentation and ageing. Ageing 12 months in barrels [&hellip;]<\/p>\n","protected":false},"author":1,"featured_media":0,"parent":0,"menu_order":0,"comment_status":"closed","ping_status":"closed","template":"","meta":{"footnotes":""},"class_list":["post-364","page","type-page","status-publish","hentry"],"jetpack_sharing_enabled":true,"_links":{"self":[{"href":"https:\/\/bcwines.dk\/dk\/wp-json\/wp\/v2\/pages\/364","targetHints":{"allow":["GET"]}}],"collection":[{"href":"https:\/\/bcwines.dk\/dk\/wp-json\/wp\/v2\/pages"}],"about":[{"href":"https:\/\/bcwines.dk\/dk\/wp-json\/wp\/v2\/types\/page"}],"author":[{"embeddable":true,"href":"https:\/\/bcwines.dk\/dk\/wp-json\/wp\/v2\/users\/1"}],"replies":[{"embeddable":true,"href":"https:\/\/bcwines.dk\/dk\/wp-json\/wp\/v2\/comments?post=364"}],"version-history":[{"count":1,"href":"https:\/\/bcwines.dk\/dk\/wp-json\/wp\/v2\/pages\/364\/revisions"}],"predecessor-version":[{"id":365,"href":"https:\/\/bcwines.dk\/dk\/wp-json\/wp\/v2\/pages\/364\/revisions\/365"}],"wp:attachment":[{"href":"https:\/\/bcwines.dk\/dk\/wp-json\/wp\/v2\/media?parent=364"}],"curies":[{"name":"wp","href":"https:\/\/api.w.org\/{rel}","templated":true}]}}