{"id":354,"date":"2025-06-19T15:42:20","date_gmt":"2025-06-19T15:42:20","guid":{"rendered":"https:\/\/bcwines.dk\/?page_id=354"},"modified":"2025-06-19T15:42:20","modified_gmt":"2025-06-19T15:42:20","slug":"les-argiles-dorto-rose","status":"publish","type":"page","link":"https:\/\/bcwines.dk\/dk\/les-argiles-dorto-rose\/","title":{"rendered":"Les Argiles d&#8217;Orto Ros\u00e9"},"content":{"rendered":"<div class=\"wp-block-columns alignwide is-layout-flex wp-container-core-columns-is-layout-28f84493 wp-block-columns-is-layout-flex\">\n<div class=\"wp-block-column is-layout-flow wp-block-column-is-layout-flow\" style=\"flex-basis:33.33%\">\n<figure class=\"wp-block-image size-large\"><img loading=\"lazy\" decoding=\"async\" width=\"279\" height=\"1024\" src=\"https:\/\/bcwines.dk\/wp-content\/uploads\/2025\/04\/argiles-blanc-baixa-sense-fons-copia-1-1700670798941-279x1024.png\" alt=\"\" class=\"wp-image-188\" srcset=\"https:\/\/bcwines.dk\/wp-content\/uploads\/2025\/04\/argiles-blanc-baixa-sense-fons-copia-1-1700670798941-279x1024.png 279w, https:\/\/bcwines.dk\/wp-content\/uploads\/2025\/04\/argiles-blanc-baixa-sense-fons-copia-1-1700670798941-82x300.png 82w, https:\/\/bcwines.dk\/wp-content\/uploads\/2025\/04\/argiles-blanc-baixa-sense-fons-copia-1-1700670798941-419x1536.png 419w, https:\/\/bcwines.dk\/wp-content\/uploads\/2025\/04\/argiles-blanc-baixa-sense-fons-copia-1-1700670798941.png 480w\" sizes=\"auto, (max-width: 279px) 100vw, 279px\" \/><\/figure>\n<\/div>\n\n\n\n<div class=\"wp-block-column is-layout-flow wp-block-column-is-layout-flow\" style=\"flex-basis:66.66%\">\n<div class=\"wp-block-group has-primary-background-color has-background has-global-padding is-content-justification-center is-layout-constrained wp-container-core-group-is-layout-2d289120 wp-block-group-is-layout-constrained\" style=\"border-radius:22px;padding-top:var(--wp--preset--spacing--40);padding-right:var(--wp--preset--spacing--20);padding-bottom:var(--wp--preset--spacing--40);padding-left:var(--wp--preset--spacing--20)\">\n<div class=\"wp-block-group has-global-padding is-layout-constrained wp-block-group-is-layout-constrained\"><h2 class=\"has-link-color wp-elements-c64e4f8a1c87c51d0209802eab357844 wp-block-post-title has-text-color has-background-color\">Les Argiles d&#8217;Orto Ros\u00e9<\/h2>\n\n\n<h6 class=\"wp-block-heading\">&#8211; ripe, strawberry &#8211;<\/h6>\n\n\n\n<div class=\"wp-block-group is-nowrap is-layout-flex wp-container-core-group-is-layout-6a90dc5c wp-block-group-is-layout-flex\">\n<div class=\"wp-block-group wp-container-content-958eb9dc has-global-padding is-content-justification-left is-layout-constrained wp-container-core-group-is-layout-12dd3699 wp-block-group-is-layout-constrained\">\n<h4 class=\"wp-block-heading\" style=\"font-size:clamp(14px, 0.875rem + ((1vw - 3.2px) * 0.625), 20px);line-height:1.5\">Sorter<\/h4>\n\n\n\n<p class=\"has-small-font-size\" style=\"margin-top:4px\">100% Grenache.<\/p>\n\n\n\n<div class=\"wp-block-group is-nowrap is-layout-flex wp-container-core-group-is-layout-6a90dc5c wp-block-group-is-layout-flex\">\n<div class=\"wp-block-group wp-container-content-958eb9dc has-global-padding is-layout-constrained wp-block-group-is-layout-constrained\">\n<h4 class=\"wp-block-heading\" style=\"font-size:clamp(14px, 0.875rem + ((1vw - 3.2px) * 0.625), 20px);line-height:1.5\">Soils\nJord<\/h4>\n\n\n\n<p class=\"has-small-font-size\" style=\"margin-top:4px\">Clay. Small terraces.<\/p>\n<\/div>\n<\/div>\n\n\n\n<div class=\"wp-block-group is-nowrap is-layout-flex wp-container-core-group-is-layout-6a90dc5c wp-block-group-is-layout-flex\">\n<div class=\"wp-block-group wp-container-content-958eb9dc has-global-padding is-layout-constrained wp-block-group-is-layout-constrained\">\n<h4 class=\"wp-block-heading\" style=\"font-size:clamp(14px, 0.875rem + ((1vw - 3.2px) * 0.625), 20px);line-height:1.5\"><strong>H\u00f8jde<\/strong><\/h4>\n\n\n\n<p class=\"has-small-font-size\" style=\"margin-top:4px\">150 meters.<\/p>\n<\/div>\n<\/div>\n\n\n\n<div class=\"wp-block-group is-nowrap is-layout-flex wp-container-core-group-is-layout-6a90dc5c wp-block-group-is-layout-flex\">\n<div class=\"wp-block-group wp-container-content-958eb9dc has-global-padding is-layout-constrained wp-block-group-is-layout-constrained\">\n<h4 class=\"wp-block-heading\" style=\"font-size:clamp(14px, 0.875rem + ((1vw - 3.2px) * 0.625), 20px);line-height:1.5\"><strong>Plantnings\u00e5r<\/strong><\/h4>\n\n\n\n<p class=\"has-small-font-size\" style=\"margin-top:4px\">2001.<\/p>\n<\/div>\n<\/div>\n\n\n\n<div class=\"wp-block-group is-nowrap is-layout-flex wp-container-core-group-is-layout-6a90dc5c wp-block-group-is-layout-flex\">\n<div class=\"wp-block-group wp-container-content-958eb9dc has-global-padding is-layout-constrained wp-block-group-is-layout-constrained\">\n<h4 class=\"wp-block-heading\" style=\"font-size:clamp(14px, 0.875rem + ((1vw - 3.2px) * 0.625), 20px);line-height:1.5\">Uddybning<\/h4>\n\n\n\n<p class=\"has-small-font-size\" style=\"margin-top:4px\">5 hours of maceration with skins and pressed<br>afterwards. Spontaneous fermentation at<br>20oC and ageing on its lees.<\/p>\n<\/div>\n<\/div>\n\n\n\n<div class=\"wp-block-group is-nowrap is-layout-flex wp-container-core-group-is-layout-6a90dc5c wp-block-group-is-layout-flex\">\n<div class=\"wp-block-group wp-container-content-958eb9dc has-global-padding is-layout-constrained wp-block-group-is-layout-constrained\">\n<h4 class=\"wp-block-heading\" style=\"font-size:clamp(14px, 0.875rem + ((1vw - 3.2px) * 0.625), 20px);line-height:1.5\">aldring<\/h4>\n\n\n\n<p class=\"has-small-font-size\" style=\"margin-top:4px\">Ageing on its lees until the end of spring.<\/p>\n<\/div>\n<\/div>\n<\/div>\n<\/div>\n\n\n\n<h4 class=\"wp-block-heading\">Pr\u00e6mier<\/h4>\n\n\n\n<div class=\"wp-block-columns is-layout-flex wp-container-core-columns-is-layout-28f84493 wp-block-columns-is-layout-flex\">\n<div class=\"wp-block-column is-layout-flow wp-block-column-is-layout-flow\">\n<details class=\"wp-block-details has-background-color has-text-color has-link-color wp-elements-0ea8184cf794fdba14cebbbbdf04238d is-layout-flow wp-block-details-is-layout-flow\"><summary>2021<\/summary>\n<ul class=\"wp-block-list\">\n<li>Gu\u00eda Pe\u00f1\u00edn de los Vinos de Espa\u00f1a: 88****.<\/li>\n\n\n\n<li>Guia de Vins de Catalunya: 9,37.<\/li>\n<\/ul>\n<\/details>\n<\/div>\n\n\n\n<div class=\"wp-block-column is-layout-flow wp-block-column-is-layout-flow\">\n<details class=\"wp-block-details has-background-color has-text-color has-link-color wp-elements-2e75a9768815787d10b9ef67908030c3 is-layout-flow wp-block-details-is-layout-flow\"><summary>2016<\/summary>\n<ul class=\"wp-block-list\">\n<li>Gu\u00eda Pe\u00f1\u00edn de los Vinos de Espa\u00f1a: 88****.<\/li>\n<\/ul>\n<\/details>\n<\/div>\n<\/div>\n\n\n\n<div class=\"wp-block-columns is-layout-flex wp-container-core-columns-is-layout-28f84493 wp-block-columns-is-layout-flex\">\n<div class=\"wp-block-column is-layout-flow wp-block-column-is-layout-flow\">\n<details class=\"wp-block-details has-background-color has-text-color has-link-color wp-elements-022365752453f2535edb2957f2299ffb is-layout-flow wp-block-details-is-layout-flow\"><summary>2015<\/summary>\n<ul class=\"wp-block-list\">\n<li>The Wine Advocate: 89.<\/li>\n<\/ul>\n<\/details>\n<\/div>\n\n\n\n<div class=\"wp-block-column is-layout-flow wp-block-column-is-layout-flow\"><\/div>\n<\/div>\n<\/div>\n<\/div>\n<\/div>\n<\/div>\n\n\n\n<p><\/p>","protected":false},"excerpt":{"rendered":"<p>&#8211; ripe, strawberry &#8211; Varieties 100% Grenache. Soils Clay. Small terraces. Altitude 150 meters. Year of planting 2001. Elaboration 5 hours of maceration with skins and pressedafterwards. Spontaneous fermentation at20oC and ageing on its lees. Ageing Ageing on its lees until the end of spring. Prizes<\/p>","protected":false},"author":1,"featured_media":0,"parent":0,"menu_order":0,"comment_status":"closed","ping_status":"closed","template":"","meta":{"footnotes":""},"class_list":["post-354","page","type-page","status-publish","hentry"],"jetpack_sharing_enabled":true,"_links":{"self":[{"href":"https:\/\/bcwines.dk\/dk\/wp-json\/wp\/v2\/pages\/354","targetHints":{"allow":["GET"]}}],"collection":[{"href":"https:\/\/bcwines.dk\/dk\/wp-json\/wp\/v2\/pages"}],"about":[{"href":"https:\/\/bcwines.dk\/dk\/wp-json\/wp\/v2\/types\/page"}],"author":[{"embeddable":true,"href":"https:\/\/bcwines.dk\/dk\/wp-json\/wp\/v2\/users\/1"}],"replies":[{"embeddable":true,"href":"https:\/\/bcwines.dk\/dk\/wp-json\/wp\/v2\/comments?post=354"}],"version-history":[{"count":1,"href":"https:\/\/bcwines.dk\/dk\/wp-json\/wp\/v2\/pages\/354\/revisions"}],"predecessor-version":[{"id":355,"href":"https:\/\/bcwines.dk\/dk\/wp-json\/wp\/v2\/pages\/354\/revisions\/355"}],"wp:attachment":[{"href":"https:\/\/bcwines.dk\/dk\/wp-json\/wp\/v2\/media?parent=354"}],"curies":[{"name":"wp","href":"https:\/\/api.w.org\/{rel}","templated":true}]}}