{"id":316,"date":"2025-06-19T14:46:24","date_gmt":"2025-06-19T14:46:24","guid":{"rendered":"https:\/\/bcwines.dk\/?page_id=316"},"modified":"2025-06-19T14:47:04","modified_gmt":"2025-06-19T14:47:04","slug":"les-argiles-dorto-white","status":"publish","type":"page","link":"https:\/\/bcwines.dk\/dk\/les-argiles-dorto-white\/","title":{"rendered":"Les Argiles d\u2019Orto Hvid"},"content":{"rendered":"<div class=\"wp-block-columns alignwide is-layout-flex wp-container-core-columns-is-layout-28f84493 wp-block-columns-is-layout-flex\">\n<div class=\"wp-block-column is-layout-flow wp-block-column-is-layout-flow\" style=\"flex-basis:33.33%\">\n<figure class=\"wp-block-image size-large\"><img loading=\"lazy\" decoding=\"async\" width=\"279\" height=\"1024\" src=\"https:\/\/bcwines.dk\/wp-content\/uploads\/2025\/04\/argiles-blanc-baixa-sense-fons-copia-1-1700670798941-279x1024.png\" alt=\"\" class=\"wp-image-188\" srcset=\"https:\/\/bcwines.dk\/wp-content\/uploads\/2025\/04\/argiles-blanc-baixa-sense-fons-copia-1-1700670798941-279x1024.png 279w, https:\/\/bcwines.dk\/wp-content\/uploads\/2025\/04\/argiles-blanc-baixa-sense-fons-copia-1-1700670798941-82x300.png 82w, https:\/\/bcwines.dk\/wp-content\/uploads\/2025\/04\/argiles-blanc-baixa-sense-fons-copia-1-1700670798941-419x1536.png 419w, https:\/\/bcwines.dk\/wp-content\/uploads\/2025\/04\/argiles-blanc-baixa-sense-fons-copia-1-1700670798941.png 480w\" sizes=\"auto, (max-width: 279px) 100vw, 279px\" \/><\/figure>\n<\/div>\n\n\n\n<div class=\"wp-block-column is-layout-flow wp-block-column-is-layout-flow\" style=\"flex-basis:66.66%\">\n<div class=\"wp-block-group has-primary-background-color has-background has-global-padding is-content-justification-center is-layout-constrained wp-container-core-group-is-layout-2d289120 wp-block-group-is-layout-constrained\" style=\"border-radius:22px;padding-top:var(--wp--preset--spacing--40);padding-right:var(--wp--preset--spacing--20);padding-bottom:var(--wp--preset--spacing--40);padding-left:var(--wp--preset--spacing--20)\">\n<div class=\"wp-block-group has-global-padding is-layout-constrained wp-block-group-is-layout-constrained\"><h2 class=\"has-link-color wp-elements-c64e4f8a1c87c51d0209802eab357844 wp-block-post-title has-text-color has-background-color\">Les Argiles d\u2019Orto Hvid<\/h2>\n\n\n<h6 class=\"wp-block-heading\">\u2013 mineral, p\u00e6re, citrus \u2013<\/h6>\n\n\n\n<div class=\"wp-block-group is-nowrap is-layout-flex wp-container-core-group-is-layout-6a90dc5c wp-block-group-is-layout-flex\">\n<div class=\"wp-block-group wp-container-content-958eb9dc has-global-padding is-content-justification-left is-layout-constrained wp-container-core-group-is-layout-12dd3699 wp-block-group-is-layout-constrained\">\n<h4 class=\"wp-block-heading\" style=\"font-size:clamp(14px, 0.875rem + ((1vw - 3.2px) * 0.625), 20px);line-height:1.5\">Sorter<\/h4>\n\n\n\n<p class=\"has-small-font-size\" style=\"margin-top:4px\">93% Macabeu (Viura), 7% Hvid Grenache.<\/p>\n\n\n\n<div class=\"wp-block-group is-nowrap is-layout-flex wp-container-core-group-is-layout-6a90dc5c wp-block-group-is-layout-flex\">\n<div class=\"wp-block-group wp-container-content-958eb9dc has-global-padding is-layout-constrained wp-block-group-is-layout-constrained\">\n<h4 class=\"wp-block-heading\" style=\"font-size:clamp(14px, 0.875rem + ((1vw - 3.2px) * 0.625), 20px);line-height:1.5\">Soils\nJord<\/h4>\n\n\n\n<p class=\"has-small-font-size\" style=\"margin-top:4px\">Ler. <\/p>\n<\/div>\n<\/div>\n\n\n\n<div class=\"wp-block-group is-nowrap is-layout-flex wp-container-core-group-is-layout-6a90dc5c wp-block-group-is-layout-flex\">\n<div class=\"wp-block-group wp-container-content-958eb9dc has-global-padding is-layout-constrained wp-block-group-is-layout-constrained\">\n<h4 class=\"wp-block-heading\" style=\"font-size:clamp(14px, 0.875rem + ((1vw - 3.2px) * 0.625), 20px);line-height:1.5\"><strong>H\u00f8jde<\/strong><\/h4>\n\n\n\n<p class=\"has-small-font-size\" style=\"margin-top:4px\">Fra 150 til 280 meter.<\/p>\n<\/div>\n<\/div>\n\n\n\n<div class=\"wp-block-group is-nowrap is-layout-flex wp-container-core-group-is-layout-6a90dc5c wp-block-group-is-layout-flex\">\n<div class=\"wp-block-group wp-container-content-958eb9dc has-global-padding is-layout-constrained wp-block-group-is-layout-constrained\">\n<h4 class=\"wp-block-heading\" style=\"font-size:clamp(14px, 0.875rem + ((1vw - 3.2px) * 0.625), 20px);line-height:1.5\"><strong>Plantnings\u00e5r<\/strong><\/h4>\n\n\n\n<p class=\"has-small-font-size\" style=\"margin-top:4px\">Fra 1944 til 2001.<\/p>\n<\/div>\n<\/div>\n\n\n\n<div class=\"wp-block-group is-nowrap is-layout-flex wp-container-core-group-is-layout-6a90dc5c wp-block-group-is-layout-flex\">\n<div class=\"wp-block-group wp-container-content-958eb9dc has-global-padding is-layout-constrained wp-block-group-is-layout-constrained\">\n<h4 class=\"wp-block-heading\" style=\"font-size:clamp(14px, 0.875rem + ((1vw - 3.2px) * 0.625), 20px);line-height:1.5\">Uddybning<\/h4>\n\n\n\n<p class=\"has-small-font-size\" style=\"margin-top:4px\">24 timers maceration med skind og<br>spontan g\u00e6ring med naturlig g\u00e6r.<\/p>\n<\/div>\n<\/div>\n\n\n\n<div class=\"wp-block-group is-nowrap is-layout-flex wp-container-core-group-is-layout-6a90dc5c wp-block-group-is-layout-flex\">\n<div class=\"wp-block-group wp-container-content-958eb9dc has-global-padding is-layout-constrained wp-block-group-is-layout-constrained\">\n<h4 class=\"wp-block-heading\" style=\"font-size:clamp(14px, 0.875rem + ((1vw - 3.2px) * 0.625), 20px);line-height:1.5\">aldring<\/h4>\n\n\n\n<p class=\"has-small-font-size\" style=\"margin-top:4px\">6 m\u00e5neder p\u00e5 bundfald i rustfri st\u00e5ltanke.<\/p>\n<\/div>\n<\/div>\n<\/div>\n<\/div>\n\n\n\n<h4 class=\"wp-block-heading\">Pr\u00e6mier<\/h4>\n\n\n\n<div class=\"wp-block-columns is-layout-flex wp-container-core-columns-is-layout-28f84493 wp-block-columns-is-layout-flex\">\n<div class=\"wp-block-column is-layout-flow wp-block-column-is-layout-flow\">\n<details class=\"wp-block-details has-background-color has-text-color has-link-color wp-elements-7127ed10f5989ee6e1308e6516920042 is-layout-flow wp-block-details-is-layout-flow\"><summary>2023<\/summary>\n<ul class=\"wp-block-list\">\n<li>Gu\u00eda Pe\u00f1\u00edn de los Vinos de Espa\u00f1a: 90****.<\/li>\n<\/ul>\n<\/details>\n<\/div>\n\n\n\n<div class=\"wp-block-column is-layout-flow wp-block-column-is-layout-flow\">\n<details class=\"wp-block-details has-background-color has-text-color has-link-color wp-elements-228aa6534d57a79ae981f4e3f3860483 is-layout-flow wp-block-details-is-layout-flow\"><summary>2022<\/summary>\n<ul class=\"wp-block-list\">\n<li>Gu\u00eda Pe\u00f1\u00edn de los Vinos de Espa\u00f1a: 90****.<\/li>\n<\/ul>\n<\/details>\n<\/div>\n<\/div>\n\n\n\n<div class=\"wp-block-columns is-layout-flex wp-container-core-columns-is-layout-28f84493 wp-block-columns-is-layout-flex\">\n<div class=\"wp-block-column is-layout-flow wp-block-column-is-layout-flow\">\n<details class=\"wp-block-details has-background-color has-text-color has-link-color wp-elements-b9f8bee65c42ac5ee652e3199cef93d5 is-layout-flow wp-block-details-is-layout-flow\"><summary>2021<\/summary>\n<ul class=\"wp-block-list\">\n<li>Gu\u00eda Pe\u00f1\u00edn de los Vinos de Espa\u00f1a: 91****.<\/li>\n\n\n\n<li>Guia de Vins de Catalunya: 9,39.<\/li>\n<\/ul>\n<\/details>\n<\/div>\n\n\n\n<div class=\"wp-block-column is-layout-flow wp-block-column-is-layout-flow\">\n<details class=\"wp-block-details has-background-color has-text-color has-link-color wp-elements-313e2b6d6fc485d73f6baef9cba1dad3 is-layout-flow wp-block-details-is-layout-flow\"><summary>2019<\/summary>\n<ul class=\"wp-block-list\">\n<li>Gu\u00eda Pe\u00f1\u00edn de los Vinos de Espa\u00f1a: 91****.<\/li>\n<\/ul>\n<\/details>\n<\/div>\n<\/div>\n\n\n\n<div class=\"wp-block-columns is-layout-flex wp-container-core-columns-is-layout-28f84493 wp-block-columns-is-layout-flex\">\n<div class=\"wp-block-column is-layout-flow wp-block-column-is-layout-flow\">\n<details class=\"wp-block-details has-background-color has-text-color has-link-color wp-elements-5ccf6199eb52e89f1b44d9bc52c9742c is-layout-flow wp-block-details-is-layout-flow\"><summary>2018<\/summary>\n<ul class=\"wp-block-list\">\n<li>Gu\u00eda Pe\u00f1\u00edn de los Vinos de Espa\u00f1a: 90****.<\/li>\n\n\n\n<li>The Wine Advocate: 90.<\/li>\n<\/ul>\n<\/details>\n<\/div>\n\n\n\n<div class=\"wp-block-column is-layout-flow wp-block-column-is-layout-flow\">\n<details class=\"wp-block-details has-background-color has-text-color has-link-color wp-elements-919c43c957d2c29260720b02ab009afe is-layout-flow wp-block-details-is-layout-flow\"><summary>2016<\/summary>\n<ul class=\"wp-block-list\">\n<li>Gu\u00eda Pe\u00f1\u00edn de los Vinos de Espa\u00f1a: 90****.<\/li>\n<\/ul>\n<\/details>\n<\/div>\n<\/div>\n\n\n\n<div class=\"wp-block-columns is-layout-flex wp-container-core-columns-is-layout-28f84493 wp-block-columns-is-layout-flex\">\n<div class=\"wp-block-column is-layout-flow wp-block-column-is-layout-flow\">\n<details class=\"wp-block-details has-background-color has-text-color has-link-color wp-elements-4608601c4233fc68ed0123db6df9198b is-layout-flow wp-block-details-is-layout-flow\"><summary>2015<\/summary>\n<ul class=\"wp-block-list\">\n<li>Gu\u00eda Pe\u00f1\u00edn de los Vinos de Espa\u00f1a: 91****.<\/li>\n<\/ul>\n<\/details>\n<\/div>\n\n\n\n<div class=\"wp-block-column is-layout-flow wp-block-column-is-layout-flow\">\n<details class=\"wp-block-details has-background-color has-text-color has-link-color wp-elements-f82731d5b38b8d5b6d408540d0a00521 is-layout-flow wp-block-details-is-layout-flow\"><summary>2014<\/summary>\n<ul class=\"wp-block-list\">\n<li>Guia de Vins de Catalunya: 9,50.<\/li>\n<\/ul>\n<\/details>\n<\/div>\n<\/div>\n<\/div>\n<\/div>\n<\/div>\n<\/div>\n\n\n\n<p><\/p>","protected":false},"excerpt":{"rendered":"<p>&#8211; mineral, pear, citrus &#8211; Varieties 93% Macabeu (Viura), 7% White Grenache. Soils Clay. Altitude From 150 to 280 meters. Year of planting From 1944 to 2001. Elaboration 24 hours of maceration with skins andspontaneous fermentation with native yeast. Ageing 6 months on lees in stainless steel tanks. Prizes<\/p>","protected":false},"author":1,"featured_media":0,"parent":0,"menu_order":0,"comment_status":"closed","ping_status":"closed","template":"","meta":{"footnotes":""},"class_list":["post-316","page","type-page","status-publish","hentry"],"jetpack_sharing_enabled":true,"_links":{"self":[{"href":"https:\/\/bcwines.dk\/dk\/wp-json\/wp\/v2\/pages\/316","targetHints":{"allow":["GET"]}}],"collection":[{"href":"https:\/\/bcwines.dk\/dk\/wp-json\/wp\/v2\/pages"}],"about":[{"href":"https:\/\/bcwines.dk\/dk\/wp-json\/wp\/v2\/types\/page"}],"author":[{"embeddable":true,"href":"https:\/\/bcwines.dk\/dk\/wp-json\/wp\/v2\/users\/1"}],"replies":[{"embeddable":true,"href":"https:\/\/bcwines.dk\/dk\/wp-json\/wp\/v2\/comments?post=316"}],"version-history":[{"count":1,"href":"https:\/\/bcwines.dk\/dk\/wp-json\/wp\/v2\/pages\/316\/revisions"}],"predecessor-version":[{"id":323,"href":"https:\/\/bcwines.dk\/dk\/wp-json\/wp\/v2\/pages\/316\/revisions\/323"}],"wp:attachment":[{"href":"https:\/\/bcwines.dk\/dk\/wp-json\/wp\/v2\/media?parent=316"}],"curies":[{"name":"wp","href":"https:\/\/api.w.org\/{rel}","templated":true}]}}